{"id":66,"date":"2023-10-11T12:06:52","date_gmt":"2023-10-11T10:06:52","guid":{"rendered":"https:\/\/institut-iperia.fr\/blog\/?page_id=66"},"modified":"2023-10-11T12:06:52","modified_gmt":"2023-10-11T10:06:52","slug":"plan-du-site","status":"publish","type":"page","link":"https:\/\/institut-iperia.fr\/blog\/plan-du-site\/","title":{"rendered":"Plan du site"},"content":{"rendered":"<h2><a href=\"https:\/\/institut-iperia.fr\/blog\/a-la-une\/\" class=\"simple\">\u00c0 la une<\/a><\/h2><ul><li><a href=\"https:\/\/institut-iperia.fr\/blog\/a-la-une\/alternatives-au-retinol-durant-la-periode-de-grossesse\/\" class=\"simple\">Alternatives au r\u00e9tinol durant la p\u00e9riode de grossesse<\/a><\/li><li><a href=\"https:\/\/institut-iperia.fr\/blog\/a-la-une\/ongle-semi-permanent-naturel-la-solution-ecologique-et-non-toxique\/\" class=\"simple\">Ongle semi-permanent naturel : la solution \u00e9cologique et non toxique<\/a><\/li><li><a href=\"https:\/\/institut-iperia.fr\/blog\/a-la-une\/les-imprimes-floraux-revisites-comment-les-porter-en-2025\/\" class=\"simple\">Les imprim\u00e9s floraux revisit\u00e9s : comment les porter en 2025<\/a><\/li><li><a href=\"https:\/\/institut-iperia.fr\/blog\/a-la-une\/guerisseur-acne-solutions-naturelles-et-efficaces-pour-une-peau-saine\/\" class=\"simple\">Gu\u00e9risseur acn\u00e9 : solutions naturelles et efficaces pour une peau saine<\/a><\/li><\/ul><h2><a href=\"https:\/\/institut-iperia.fr\/blog\/aromatherapie-et-huiles-essentielles\/\" class=\"simple\">Aromath\u00e9rapie et Huiles Essentielles<\/a><\/h2><ul><li><a href=\"https:\/\/institut-iperia.fr\/blog\/aromatherapie-et-huiles-essentielles\/huile-essentielle-pour-le-rhume-laquelle-choisir-pour-soulager-rapidement\/\" class=\"simple\">Huile essentielle pour le rhume : laquelle choisir pour soulager rapidement<\/a><\/li><\/ul><h2><a href=\"https:\/\/institut-iperia.fr\/blog\/maquillage-et-beaute\/\" class=\"simple\">Maquillage et Beaut\u00e9<\/a><\/h2><ul><li><a href=\"https:\/\/institut-iperia.fr\/blog\/maquillage-et-beaute\/comment-choisir-la-forme-de-sourcil-ideale-pour-sublimer-votre-visage\/\" class=\"simple\">Comment choisir la forme de sourcil id\u00e9ale pour sublimer votre visage<\/a><\/li><li><a href=\"https:\/\/institut-iperia.fr\/blog\/maquillage-et-beaute\/comment-choisir-la-forme-de-vos-sourcils-pour-sublimer-votre-visage\/\" class=\"simple\">Comment choisir la forme de vos sourcils pour sublimer votre visage<\/a><\/li><li><a href=\"https:\/\/institut-iperia.fr\/blog\/maquillage-et-beaute\/comment-enlever-facilement-du-vernis-semi-permanent-en-toute-securite\/\" class=\"simple\">Comment enlever facilement du vernis semi-permanent en toute s\u00e9curit\u00e9<\/a><\/li><li><a href=\"https:\/\/institut-iperia.fr\/blog\/maquillage-et-beaute\/mascara-semi-permanent\/\" class=\"simple\">mascara semi permanent<\/a><\/li><li><a href=\"https:\/\/institut-iperia.fr\/blog\/maquillage-et-beaute\/colorimetrie-comment-determiner-les-couleurs-qui-vous-mettent-en-valeur\/\" class=\"simple\">Colorim\u00e9trie : Comment d\u00e9terminer les couleurs qui vous mettent en valeur<\/a><\/li><li><a href=\"https:\/\/institut-iperia.fr\/blog\/maquillage-et-beaute\/taches-de-rousseur-semi-permanentes-techniques-entretien-et-conseils\/\" class=\"simple\">Taches de rousseur semi-permanentes : techniques, entretien et conseils<\/a><\/li><li><a href=\"https:\/\/institut-iperia.fr\/blog\/maquillage-et-beaute\/tatouage-fleur-signification-symboles-et-leur-importance-essentielle\/\" class=\"simple\">Tatouage Fleur Signification : Symboles et Leur Importance Essentielle<\/a><\/li><li><a href=\"https:\/\/institut-iperia.fr\/blog\/maquillage-et-beaute\/teinture-des-cils-avant-apres-avantages-et-conseils-pour-un-regard-naturel\/\" class=\"simple\">Teinture des cils : avant\/apr\u00e8s, avantages et conseils pour un regard naturel<\/a><\/li><\/ul><h2><a href=\"https:\/\/institut-iperia.fr\/blog\/massages-et-therapies\/\" class=\"simple\">Massages et Th\u00e9rapies<\/a><\/h2><ul><li><a href=\"https:\/\/institut-iperia.fr\/blog\/massages-et-therapies\/pourquoi-le-gommage-des-pieds-est-essentiel-pour-une-peau-douce-et-revitalisee\/\" class=\"simple\">Pourquoi le gommage des pieds est essentiel pour une peau douce et revitalis\u00e9e<\/a><\/li><li><a href=\"https:\/\/institut-iperia.fr\/blog\/massages-et-therapies\/drainage-lymphatique-avant-apres-benefices-prouves-et-transformations-visibles\/\" class=\"simple\">Drainage lymphatique avant\/apr\u00e8s : b\u00e9n\u00e9fices prouv\u00e9s et transformations visibles<\/a><\/li><li><a href=\"https:\/\/institut-iperia.fr\/blog\/massages-et-therapies\/chirurgie-esthetique-des-pieds-interventions-et-avantages-essentiels\/\" class=\"simple\">Chirurgie esth\u00e9tique des pieds : interventions et avantages essentiels<\/a><\/li><li><a href=\"https:\/\/institut-iperia.fr\/blog\/massages-et-therapies\/bain-de-pieds-au-vinaigre-de-cidre-proprietes-naturelles-et-bienfaits\/\" class=\"simple\">Bain de pieds au vinaigre de cidre : propri\u00e9t\u00e9s naturelles et bienfaits<\/a><\/li><\/ul><h2><a href=\"https:\/\/institut-iperia.fr\/blog\/soins-du-visage\/\" class=\"simple\">Soins du Visage<\/a><\/h2><ul><li><a href=\"https:\/\/institut-iperia.fr\/blog\/soins-du-visage\/masque-cheveux-maison-la-recette-naturelle-economique-et-efficace\/\" class=\"simple\">Masque cheveux maison : la recette naturelle \u00e9conomique et efficace<\/a><\/li><li><a href=\"https:\/\/institut-iperia.fr\/blog\/soins-du-visage\/pourquoi-les-femmes-ont-des-poils-de-moustache-causes-hormonales-et-solutions-efficaces\/\" class=\"simple\">Pourquoi les femmes ont des poils de moustache : causes hormonales et solutions efficaces<\/a><\/li><li><a href=\"https:\/\/institut-iperia.fr\/blog\/soins-du-visage\/douche-autobronzante-comment-obtenir-un-bronzage-parfait-a-domicile\/\" class=\"simple\">Douche autobronzante : comment obtenir un bronzage parfait \u00e0 domicile<\/a><\/li><li><a href=\"https:\/\/institut-iperia.fr\/blog\/soins-du-visage\/comment-reconnaitre-et-eliminer-les-microkystes-du-visage-efficacement\/\" class=\"simple\">Comment reconna\u00eetre et \u00e9liminer les microkystes du visage efficacement<\/a><\/li><li><a href=\"https:\/\/institut-iperia.fr\/blog\/soins-du-visage\/huile-pour-cheveux-pousse-la-methode-naturelle-pour-stimuler-la-croissance-capillaire\/\" class=\"simple\">Huile pour cheveux pousse : la m\u00e9thode naturelle pour stimuler la croissance capillaire<\/a><\/li><li><a href=\"https:\/\/institut-iperia.fr\/blog\/soins-du-visage\/huile-de-coco-sur-le-visage-bienfaits-precautions-et-applications-naturelles\/\" class=\"simple\">Huile de coco sur le visage : bienfaits, pr\u00e9cautions et applications naturelles<\/a><\/li><li><a href=\"https:\/\/institut-iperia.fr\/blog\/soins-du-visage\/les-soins-apres-tatouage-methode-essentielle-pour-une-cicatrisation-optimale\/\" class=\"simple\">Les soins apr\u00e8s tatouage : m\u00e9thode essentielle pour une cicatrisation optimale<\/a><\/li><li><a href=\"https:\/\/institut-iperia.fr\/blog\/soins-du-visage\/masque-pour-cheveux-secs-la-solution-efficace-pour-retrouver-brillance-et-douceur\/\" class=\"simple\">Masque pour cheveux secs : la solution efficace pour retrouver brillance et douceur<\/a><\/li><li><a href=\"https:\/\/institut-iperia.fr\/blog\/soins-du-visage\/rides-sous-les-yeux-causes-prevention-et-traitements-efficaces\/\" class=\"simple\">Rides sous les yeux : causes, pr\u00e9vention et traitements efficaces<\/a><\/li><li><a href=\"https:\/\/institut-iperia.fr\/blog\/soins-du-visage\/les-meilleurs-produits-pour-faire-pousser-vos-cheveux-en-2025\/\" class=\"simple\">Les meilleurs produits pour faire pousser vos cheveux en 2025<\/a><\/li><li><a href=\"https:\/\/institut-iperia.fr\/blog\/soins-du-visage\/huile-de-grossesse-prevenir-vergetures-et-hydrater-sa-peau-enceinte\/\" class=\"simple\">Huile de Grossesse : Pr\u00e9venir Vergetures et Hydrater Sa Peau Enceinte<\/a><\/li><li><a href=\"https:\/\/institut-iperia.fr\/blog\/soins-du-visage\/huile-de-nigelle-pour-le-visage-bienfaits-utilisation-et-astuces-naturelles\/\" class=\"simple\">Huile de Nigelle pour le Visage : Bienfaits, Utilisation et Astuces naturelles<\/a><\/li><li><a href=\"https:\/\/institut-iperia.fr\/blog\/soins-du-visage\/les-bienfaits-inattendus-de-lhuile-de-ricin-pour-la-peau-du-visage\/\" class=\"simple\">Les Bienfaits Inattendus de l&#039;Huile de Ricin pour la Peau du Visage<\/a><\/li><li><a href=\"https:\/\/institut-iperia.fr\/blog\/soins-du-visage\/chirurgie-esthetique-des-pieds\/\" class=\"simple\">chirurgie esthetique des pieds<\/a><\/li><li><a href=\"https:\/\/institut-iperia.fr\/blog\/soins-du-visage\/ce-qui-se-passe-15-jours-apres-une-greffe-de-cheveux-processus-et-evolution\/\" class=\"simple\">Ce qui se passe 15 jours apr\u00e8s une greffe de cheveux : processus et \u00e9volution<\/a><\/li><li><a href=\"https:\/\/institut-iperia.fr\/blog\/soins-du-visage\/radiofrequence-ventre-resultats-avant-apres-et-temoignages\/\" class=\"simple\">Radiofr\u00e9quence ventre : r\u00e9sultats avant\/apr\u00e8s et t\u00e9moignages<\/a><\/li><li><a href=\"https:\/\/institut-iperia.fr\/blog\/soins-du-visage\/laser-pour-les-poches-sous-les-yeux-fonctionnement-et-avantages\/\" class=\"simple\">Laser pour les poches sous les yeux : fonctionnement et avantages<\/a><\/li><\/ul>\n","protected":false},"excerpt":{"rendered":"","protected":false},"author":34,"featured_media":0,"parent":0,"menu_order":0,"comment_status":"closed","ping_status":"closed","template":"","meta":{"_acf_changed":false,"manual_indexmenow":false,"indexmenow_id_project":0,"footnotes":""},"class_list":["post-66","page","type-page","status-publish"],"acf":[],"yoast_head":"<!-- This site is optimized with the Yoast SEO Premium plugin v21.3 (Yoast SEO v25.6) - https:\/\/yoast.com\/wordpress\/plugins\/seo\/ -->\n<title>Plan du site<\/title>\n<meta name=\"robots\" content=\"index, follow, max-snippet:-1, max-image-preview:large, max-video-preview:-1\" \/>\n<link rel=\"canonical\" href=\"https:\/\/institut-iperia.fr\/blog\/plan-du-site\/\" \/>\n<meta property=\"og:locale\" content=\"fr_FR\" \/>\n<meta property=\"og:type\" content=\"article\" \/>\n<meta property=\"og:title\" content=\"Plan du site\" \/>\n<meta property=\"og:url\" content=\"https:\/\/institut-iperia.fr\/blog\/plan-du-site\/\" \/>\n<meta property=\"og:site_name\" content=\"institut-iperia\" \/>\n<meta name=\"twitter:card\" content=\"summary_large_image\" \/>\n<script type=\"application\/ld+json\" class=\"yoast-schema-graph\">{\"@context\":\"https:\/\/schema.org\",\"@graph\":[{\"@type\":\"WebPage\",\"@id\":\"https:\/\/institut-iperia.fr\/blog\/plan-du-site\/\",\"url\":\"https:\/\/institut-iperia.fr\/blog\/plan-du-site\/\",\"name\":\"Plan du site\",\"isPartOf\":{\"@id\":\"https:\/\/institut-iperia.fr\/blog\/#website\"},\"datePublished\":\"2023-10-11T10:06:52+00:00\",\"inLanguage\":\"fr-FR\",\"potentialAction\":[{\"@type\":\"ReadAction\",\"target\":[\"https:\/\/institut-iperia.fr\/blog\/plan-du-site\/\"]}]},{\"@type\":\"WebSite\",\"@id\":\"https:\/\/institut-iperia.fr\/blog\/#website\",\"url\":\"https:\/\/institut-iperia.fr\/blog\/\",\"name\":\"institut-iperia.fr\",\"description\":\"Institut Iperia, l&#039;excellence en formation et d\u00e9veloppement\",\"publisher\":{\"@id\":\"https:\/\/institut-iperia.fr\/blog\/#organization\"},\"alternateName\":\"Institut Iperia, l'excellence en formation et d\u00e9veloppement\",\"potentialAction\":[{\"@type\":\"SearchAction\",\"target\":{\"@type\":\"EntryPoint\",\"urlTemplate\":\"https:\/\/institut-iperia.fr\/blog\/?s={search_term_string}\"},\"query-input\":{\"@type\":\"PropertyValueSpecification\",\"valueRequired\":true,\"valueName\":\"search_term_string\"}}],\"inLanguage\":\"fr-FR\"},{\"@type\":\"Organization\",\"@id\":\"https:\/\/institut-iperia.fr\/blog\/#organization\",\"name\":\"Foretsensations.fr\",\"url\":\"https:\/\/institut-iperia.fr\/blog\/\",\"logo\":{\"@type\":\"ImageObject\",\"inLanguage\":\"fr-FR\",\"@id\":\"https:\/\/institut-iperia.fr\/blog\/#\/schema\/logo\/image\/\",\"url\":\"https:\/\/institut-iperia.fr\/blog\/wp-content\/uploads\/2024\/12\/Institut-Iperia.png\",\"contentUrl\":\"https:\/\/institut-iperia.fr\/blog\/wp-content\/uploads\/2024\/12\/Institut-Iperia.png\",\"width\":500,\"height\":500,\"caption\":\"Foretsensations.fr\"},\"image\":{\"@id\":\"https:\/\/institut-iperia.fr\/blog\/#\/schema\/logo\/image\/\"}}]}<\/script>\n<!-- \/ Yoast SEO Premium plugin. -->","yoast_head_json":{"title":"Plan du site","robots":{"index":"index","follow":"follow","max-snippet":"max-snippet:-1","max-image-preview":"max-image-preview:large","max-video-preview":"max-video-preview:-1"},"canonical":"https:\/\/institut-iperia.fr\/blog\/plan-du-site\/","og_locale":"fr_FR","og_type":"article","og_title":"Plan du site","og_url":"https:\/\/institut-iperia.fr\/blog\/plan-du-site\/","og_site_name":"institut-iperia","twitter_card":"summary_large_image","schema":{"@context":"https:\/\/schema.org","@graph":[{"@type":"WebPage","@id":"https:\/\/institut-iperia.fr\/blog\/plan-du-site\/","url":"https:\/\/institut-iperia.fr\/blog\/plan-du-site\/","name":"Plan du site","isPartOf":{"@id":"https:\/\/institut-iperia.fr\/blog\/#website"},"datePublished":"2023-10-11T10:06:52+00:00","inLanguage":"fr-FR","potentialAction":[{"@type":"ReadAction","target":["https:\/\/institut-iperia.fr\/blog\/plan-du-site\/"]}]},{"@type":"WebSite","@id":"https:\/\/institut-iperia.fr\/blog\/#website","url":"https:\/\/institut-iperia.fr\/blog\/","name":"institut-iperia.fr","description":"Institut Iperia, l&#039;excellence en formation et d\u00e9veloppement","publisher":{"@id":"https:\/\/institut-iperia.fr\/blog\/#organization"},"alternateName":"Institut Iperia, l'excellence en formation et d\u00e9veloppement","potentialAction":[{"@type":"SearchAction","target":{"@type":"EntryPoint","urlTemplate":"https:\/\/institut-iperia.fr\/blog\/?s={search_term_string}"},"query-input":{"@type":"PropertyValueSpecification","valueRequired":true,"valueName":"search_term_string"}}],"inLanguage":"fr-FR"},{"@type":"Organization","@id":"https:\/\/institut-iperia.fr\/blog\/#organization","name":"Foretsensations.fr","url":"https:\/\/institut-iperia.fr\/blog\/","logo":{"@type":"ImageObject","inLanguage":"fr-FR","@id":"https:\/\/institut-iperia.fr\/blog\/#\/schema\/logo\/image\/","url":"https:\/\/institut-iperia.fr\/blog\/wp-content\/uploads\/2024\/12\/Institut-Iperia.png","contentUrl":"https:\/\/institut-iperia.fr\/blog\/wp-content\/uploads\/2024\/12\/Institut-Iperia.png","width":500,"height":500,"caption":"Foretsensations.fr"},"image":{"@id":"https:\/\/institut-iperia.fr\/blog\/#\/schema\/logo\/image\/"}}]}},"_links":{"self":[{"href":"https:\/\/institut-iperia.fr\/blog\/wp-json\/wp\/v2\/pages\/66","targetHints":{"allow":["GET"]}}],"collection":[{"href":"https:\/\/institut-iperia.fr\/blog\/wp-json\/wp\/v2\/pages"}],"about":[{"href":"https:\/\/institut-iperia.fr\/blog\/wp-json\/wp\/v2\/types\/page"}],"author":[{"embeddable":true,"href":"https:\/\/institut-iperia.fr\/blog\/wp-json\/wp\/v2\/users\/34"}],"replies":[{"embeddable":true,"href":"https:\/\/institut-iperia.fr\/blog\/wp-json\/wp\/v2\/comments?post=66"}],"version-history":[{"count":1,"href":"https:\/\/institut-iperia.fr\/blog\/wp-json\/wp\/v2\/pages\/66\/revisions"}],"predecessor-version":[{"id":67,"href":"https:\/\/institut-iperia.fr\/blog\/wp-json\/wp\/v2\/pages\/66\/revisions\/67"}],"wp:attachment":[{"href":"https:\/\/institut-iperia.fr\/blog\/wp-json\/wp\/v2\/media?parent=66"}],"curies":[{"name":"wp","href":"https:\/\/api.w.org\/{rel}","templated":true}]}}