{"id":367,"date":"2023-12-12T15:50:52","date_gmt":"2023-12-12T14:50:52","guid":{"rendered":"https:\/\/institut-iperia.fr\/blog\/?page_id=367"},"modified":"2025-02-17T14:54:33","modified_gmt":"2025-02-17T13:54:33","slug":"institut-iperia-fr","status":"publish","type":"page","link":"https:\/\/institut-iperia.fr\/blog\/","title":{"rendered":"institut-iperia.fr"},"content":{"rendered":"\n<div class=\"wp-block-group titre-home is-content-justification-center is-nowrap is-layout-flex wp-container-core-group-is-layout-94bc23d7 wp-block-group-is-layout-flex\">\n<h1 class=\"wp-block-heading has-text-align-center has-contrast-color has-text-color has-link-color wp-elements-a714c0d8e5f549353c3078a63bcd0602\" id=\"h-beaute-authentique-bien-etre-naturel-votre-guide-vers-une-vie-harmonieuse\">Beaut\u00e9, bien-\u00eatre et soins holistiques au quotidien<\/h1>\n<\/div>\n\n\n<div class=\"gb-container gb-container-d004d49a\">\n<div class=\"gb-container gb-container-5979e1bc\">\n\n<h2 class=\"gb-headline gb-headline-653b8ae5 gb-headline-text\"><a href=\"https:\/\/institut-iperia.fr\/blog\/a-la-une\/\">\u00c0 la une<\/a><\/h2>\n\n\n<div class=\"gb-grid-wrapper gb-grid-wrapper-d81475ad\">\n<div class=\"gb-grid-column gb-grid-column-64f4838c\"><div class=\"gb-container gb-container-64f4838c\">\n\n<div class=\"gb-grid-wrapper gb-grid-wrapper-66dae3a3 gb-query-loop-wrapper\">\n<div class=\"gb-grid-column gb-grid-column-f8982118 gb-query-loop-item post-7452 post type-post status-publish format-standard has-post-thumbnail hentry category-a-la-une\"><div class=\"gb-container gb-container-f8982118\"><a class=\"gb-container-link\" href=\"https:\/\/institut-iperia.fr\/blog\/a-la-une\/alternatives-au-retinol-durant-la-periode-de-grossesse\/\"><\/a>\n<figure class=\"gb-block-image gb-block-image-c648fb85\"><a href=\"https:\/\/institut-iperia.fr\/blog\/a-la-une\/alternatives-au-retinol-durant-la-periode-de-grossesse\/\"><img loading=\"lazy\" decoding=\"async\" width=\"1200\" height=\"500\" src=\"https:\/\/institut-iperia.fr\/blog\/wp-content\/uploads\/2025\/09\/sdxl-e87b1f262f1a57028ed5466f97f0b05d-scaled.png\" class=\"gb-image-c648fb85\" alt=\"\" \/><\/a><\/figure>\n\n<div class=\"gb-headline gb-headline-105a8e81 gb-headline-text\"><time class=\"entry-date published\" datetime=\"2025-09-14T18:07:19+02:00\">14 septembre 2025<\/time><\/div>\n\n<h3 class=\"gb-headline gb-headline-d823eb89 gb-headline-text\"><a href=\"https:\/\/institut-iperia.fr\/blog\/a-la-une\/alternatives-au-retinol-durant-la-periode-de-grossesse\/\">Alternatives au r\u00e9tinol durant la p\u00e9riode de grossesse<\/a><\/h3>\n\n<p class=\"gb-headline gb-headline-50783b14 gb-headline-text\">Les interrogations sur la s\u00e9curit\u00e9 des soins cosm\u00e9tiques abondent, tout comme la crainte d&rsquo;abandonner des actifs r\u00e9put\u00e9s performants, \u00e0 l&rsquo;image du r\u00e9tinol. Rassurons-nous : il &#8230;<\/p>\n<\/div><\/div>\n<\/div>\n\n<\/div><\/div>\n\n<div class=\"gb-grid-column gb-grid-column-172c2d01\"><div class=\"gb-container gb-container-172c2d01\">\n\n<div class=\"gb-grid-wrapper gb-grid-wrapper-ae4a818a gb-query-loop-wrapper\">\n<div class=\"gb-grid-column gb-grid-column-a5958d80 gb-query-loop-item post-7421 post type-post status-publish format-standard has-post-thumbnail hentry category-a-la-une tag-ecologique tag-ongles-naturels tag-vernis-semi\"><div class=\"gb-container gb-container-a5958d80\">\n<div class=\"gb-grid-wrapper gb-grid-wrapper-2316a5ad\">\n<div class=\"gb-grid-column gb-grid-column-f3dccbdb\"><div class=\"gb-container gb-container-f3dccbdb\">\n<figure class=\"gb-block-image gb-block-image-a77e6df6\"><a href=\"https:\/\/institut-iperia.fr\/blog\/a-la-une\/ongle-semi-permanent-naturel-la-solution-ecologique-et-non-toxique\/\"><img loading=\"lazy\" decoding=\"async\" width=\"400\" height=\"167\" src=\"https:\/\/institut-iperia.fr\/blog\/wp-content\/uploads\/2025\/08\/sdxl-d77fb3a3fff832b24a3feda96fdba3a1-scaled.png\" class=\"gb-image-a77e6df6\" alt=\"\" \/><\/a><\/figure>\n<\/div><\/div>\n\n<div class=\"gb-grid-column gb-grid-column-2cddd1f8\"><div class=\"gb-container gb-container-2cddd1f8\">\n<div class=\"gb-headline gb-headline-dcb58340 gb-headline-text\"><time class=\"entry-date published\" datetime=\"2025-08-21T09:04:00+02:00\">21 ao\u00fbt 2025<\/time><\/div>\n\n<h3 class=\"gb-headline gb-headline-23a64d89 gb-headline-text\"><a href=\"https:\/\/institut-iperia.fr\/blog\/a-la-une\/ongle-semi-permanent-naturel-la-solution-ecologique-et-non-toxique\/\">Ongle semi-permanent naturel : la solution \u00e9cologique et non toxique<\/a><\/h3>\n\n<div class=\"gb-container gb-container-5da2d10d\"><\/div>\n<\/div><\/div>\n<\/div>\n<\/div><\/div>\n\n<div class=\"gb-grid-column gb-grid-column-a5958d80 gb-query-loop-item post-7415 post type-post status-publish format-standard has-post-thumbnail hentry category-a-la-une\"><div class=\"gb-container gb-container-a5958d80\">\n<div class=\"gb-grid-wrapper gb-grid-wrapper-2316a5ad\">\n<div class=\"gb-grid-column gb-grid-column-f3dccbdb\"><div class=\"gb-container gb-container-f3dccbdb\">\n<figure class=\"gb-block-image gb-block-image-a77e6df6\"><a href=\"https:\/\/institut-iperia.fr\/blog\/a-la-une\/les-imprimes-floraux-revisites-comment-les-porter-en-2025\/\"><img loading=\"lazy\" decoding=\"async\" width=\"400\" height=\"167\" src=\"https:\/\/institut-iperia.fr\/blog\/wp-content\/uploads\/2025\/08\/sdxl-6d87aa01fe1e17bc60356b9d6c8d33ce-scaled.png\" class=\"gb-image-a77e6df6\" alt=\"\" \/><\/a><\/figure>\n<\/div><\/div>\n\n<div class=\"gb-grid-column gb-grid-column-2cddd1f8\"><div class=\"gb-container gb-container-2cddd1f8\">\n<div class=\"gb-headline gb-headline-dcb58340 gb-headline-text\"><time class=\"entry-date published\" datetime=\"2025-08-07T22:27:37+02:00\">7 ao\u00fbt 2025<\/time><\/div>\n\n<h3 class=\"gb-headline gb-headline-23a64d89 gb-headline-text\"><a href=\"https:\/\/institut-iperia.fr\/blog\/a-la-une\/les-imprimes-floraux-revisites-comment-les-porter-en-2025\/\">Les imprim\u00e9s floraux revisit\u00e9s : comment les porter en 2025<\/a><\/h3>\n\n<div class=\"gb-container gb-container-5da2d10d\"><\/div>\n<\/div><\/div>\n<\/div>\n<\/div><\/div>\n\n<div class=\"gb-grid-column gb-grid-column-a5958d80 gb-query-loop-item post-7412 post type-post status-publish format-standard has-post-thumbnail hentry category-a-la-une\"><div class=\"gb-container gb-container-a5958d80\">\n<div class=\"gb-grid-wrapper gb-grid-wrapper-2316a5ad\">\n<div class=\"gb-grid-column gb-grid-column-f3dccbdb\"><div class=\"gb-container gb-container-f3dccbdb\">\n<figure class=\"gb-block-image gb-block-image-a77e6df6\"><a href=\"https:\/\/institut-iperia.fr\/blog\/a-la-une\/guerisseur-acne-solutions-naturelles-et-efficaces-pour-une-peau-saine\/\"><img loading=\"lazy\" decoding=\"async\" width=\"400\" height=\"167\" src=\"https:\/\/institut-iperia.fr\/blog\/wp-content\/uploads\/2025\/05\/sdxl-59d44d3e568bcd33fccd2d812b64d35c-scaled.png\" class=\"gb-image-a77e6df6\" alt=\"\" \/><\/a><\/figure>\n<\/div><\/div>\n\n<div class=\"gb-grid-column gb-grid-column-2cddd1f8\"><div class=\"gb-container gb-container-2cddd1f8\">\n<div class=\"gb-headline gb-headline-dcb58340 gb-headline-text\"><time class=\"entry-date published\" datetime=\"2025-05-30T14:26:57+02:00\">30 mai 2025<\/time><\/div>\n\n<h3 class=\"gb-headline gb-headline-23a64d89 gb-headline-text\"><a href=\"https:\/\/institut-iperia.fr\/blog\/a-la-une\/guerisseur-acne-solutions-naturelles-et-efficaces-pour-une-peau-saine\/\">Gu\u00e9risseur acn\u00e9 : solutions naturelles et efficaces pour une peau saine<\/a><\/h3>\n\n<div class=\"gb-container gb-container-5da2d10d\"><\/div>\n<\/div><\/div>\n<\/div>\n<\/div><\/div>\n<\/div>\n\n<\/div><\/div>\n<\/div>\n\n<div class=\"gb-grid-wrapper gb-grid-wrapper-dd363874\">\n<div class=\"gb-grid-column gb-grid-column-6e67919d\"><div class=\"gb-container gb-container-6e67919d\">\n\n<div class=\"gb-grid-wrapper gb-grid-wrapper-498f7d99 gb-query-loop-wrapper\"><\/div>\n\n<\/div><\/div>\n\n<div class=\"gb-grid-column gb-grid-column-2101bea1\"><div class=\"gb-container gb-container-2101bea1\">\n\n<div class=\"gb-grid-wrapper gb-grid-wrapper-160fd551 gb-query-loop-wrapper\"><\/div>\n\n<\/div><\/div>\n\n<div class=\"gb-grid-column gb-grid-column-a6ee4012\"><div class=\"gb-container gb-container-a6ee4012\">\n\n<div class=\"gb-grid-wrapper gb-grid-wrapper-d91db76b gb-query-loop-wrapper\"><\/div>\n\n<\/div><\/div>\n\n<div class=\"gb-grid-column gb-grid-column-24890074\"><div class=\"gb-container gb-container-24890074\">\n\n<div class=\"gb-grid-wrapper gb-grid-wrapper-ec0235a6 gb-query-loop-wrapper\"><\/div>\n\n<\/div><\/div>\n<\/div>\n<\/div>\n<\/div>\n\n\n<p><\/p>\n","protected":false},"excerpt":{"rendered":"","protected":false},"author":34,"featured_media":0,"parent":0,"menu_order":0,"comment_status":"closed","ping_status":"closed","template":"","meta":{"_acf_changed":false,"manual_indexmenow":false,"indexmenow_id_project":0,"footnotes":""},"class_list":["post-367","page","type-page","status-publish"],"acf":[],"yoast_head":"<!-- This site is optimized with the Yoast SEO Premium plugin v21.3 (Yoast SEO v25.6) - https:\/\/yoast.com\/wordpress\/plugins\/seo\/ -->\n<title>Institut Iperia, l&#039;excellence en formation et d\u00e9veloppement<\/title>\n<meta name=\"description\" content=\"Institut-Iperia.fr se consacre \u00e0 l&#039;innovation p\u00e9dagogique et au d\u00e9veloppement personnel. Nos programmes sur-mesure vous accompagnent vers l&#039;excellence et vous ouvrent les portes d\u2019un avenir prometteur.\" \/>\n<meta name=\"robots\" content=\"index, follow, max-snippet:-1, max-image-preview:large, max-video-preview:-1\" \/>\n<link rel=\"canonical\" href=\"https:\/\/institut-iperia.fr\/blog\/\" \/>\n<meta property=\"og:locale\" content=\"fr_FR\" \/>\n<meta property=\"og:type\" content=\"article\" \/>\n<meta property=\"og:title\" content=\"Institut Iperia, l&#039;excellence en formation et d\u00e9veloppement\" \/>\n<meta property=\"og:description\" content=\"Institut-Iperia.fr se consacre \u00e0 l&#039;innovation p\u00e9dagogique et au d\u00e9veloppement personnel. Nos programmes sur-mesure vous accompagnent vers l&#039;excellence et vous ouvrent les portes d\u2019un avenir prometteur.\" \/>\n<meta property=\"og:url\" content=\"https:\/\/institut-iperia.fr\/blog\/\" \/>\n<meta property=\"og:site_name\" content=\"institut-iperia\" \/>\n<meta name=\"twitter:card\" content=\"summary_large_image\" \/>\n<script type=\"application\/ld+json\" class=\"yoast-schema-graph\">{\"@context\":\"https:\/\/schema.org\",\"@graph\":[{\"@type\":\"WebPage\",\"@id\":\"https:\/\/institut-iperia.fr\/blog\/\",\"url\":\"https:\/\/institut-iperia.fr\/blog\/\",\"name\":\"Institut Iperia, l'excellence en formation et d\u00e9veloppement\",\"isPartOf\":{\"@id\":\"https:\/\/institut-iperia.fr\/blog\/#website\"},\"datePublished\":\"2023-12-12T14:50:52+00:00\",\"dateModified\":\"2025-02-17T13:54:33+00:00\",\"description\":\"Institut-Iperia.fr se consacre \u00e0 l'innovation p\u00e9dagogique et au d\u00e9veloppement personnel. Nos programmes sur-mesure vous accompagnent vers l'excellence et vous ouvrent les portes d\u2019un avenir prometteur.\",\"inLanguage\":\"fr-FR\",\"potentialAction\":[{\"@type\":\"ReadAction\",\"target\":[\"https:\/\/institut-iperia.fr\/blog\/\"]}]},{\"@type\":\"WebSite\",\"@id\":\"https:\/\/institut-iperia.fr\/blog\/#website\",\"url\":\"https:\/\/institut-iperia.fr\/blog\/\",\"name\":\"institut-iperia.fr\",\"description\":\"Institut Iperia, l&#039;excellence en formation et d\u00e9veloppement\",\"publisher\":{\"@id\":\"https:\/\/institut-iperia.fr\/blog\/#organization\"},\"alternateName\":\"Institut Iperia, l'excellence en formation et d\u00e9veloppement\",\"potentialAction\":[{\"@type\":\"SearchAction\",\"target\":{\"@type\":\"EntryPoint\",\"urlTemplate\":\"https:\/\/institut-iperia.fr\/blog\/?s={search_term_string}\"},\"query-input\":{\"@type\":\"PropertyValueSpecification\",\"valueRequired\":true,\"valueName\":\"search_term_string\"}}],\"inLanguage\":\"fr-FR\"},{\"@type\":\"Organization\",\"@id\":\"https:\/\/institut-iperia.fr\/blog\/#organization\",\"name\":\"Foretsensations.fr\",\"url\":\"https:\/\/institut-iperia.fr\/blog\/\",\"logo\":{\"@type\":\"ImageObject\",\"inLanguage\":\"fr-FR\",\"@id\":\"https:\/\/institut-iperia.fr\/blog\/#\/schema\/logo\/image\/\",\"url\":\"https:\/\/institut-iperia.fr\/blog\/wp-content\/uploads\/2024\/12\/Institut-Iperia.png\",\"contentUrl\":\"https:\/\/institut-iperia.fr\/blog\/wp-content\/uploads\/2024\/12\/Institut-Iperia.png\",\"width\":500,\"height\":500,\"caption\":\"Foretsensations.fr\"},\"image\":{\"@id\":\"https:\/\/institut-iperia.fr\/blog\/#\/schema\/logo\/image\/\"}}]}<\/script>\n<!-- \/ Yoast SEO Premium plugin. -->","yoast_head_json":{"title":"Institut Iperia, l'excellence en formation et d\u00e9veloppement","description":"Institut-Iperia.fr se consacre \u00e0 l'innovation p\u00e9dagogique et au d\u00e9veloppement personnel. Nos programmes sur-mesure vous accompagnent vers l'excellence et vous ouvrent les portes d\u2019un avenir prometteur.","robots":{"index":"index","follow":"follow","max-snippet":"max-snippet:-1","max-image-preview":"max-image-preview:large","max-video-preview":"max-video-preview:-1"},"canonical":"https:\/\/institut-iperia.fr\/blog\/","og_locale":"fr_FR","og_type":"article","og_title":"Institut Iperia, l'excellence en formation et d\u00e9veloppement","og_description":"Institut-Iperia.fr se consacre \u00e0 l'innovation p\u00e9dagogique et au d\u00e9veloppement personnel. Nos programmes sur-mesure vous accompagnent vers l'excellence et vous ouvrent les portes d\u2019un avenir prometteur.","og_url":"https:\/\/institut-iperia.fr\/blog\/","og_site_name":"institut-iperia","twitter_card":"summary_large_image","schema":{"@context":"https:\/\/schema.org","@graph":[{"@type":"WebPage","@id":"https:\/\/institut-iperia.fr\/blog\/","url":"https:\/\/institut-iperia.fr\/blog\/","name":"Institut Iperia, l'excellence en formation et d\u00e9veloppement","isPartOf":{"@id":"https:\/\/institut-iperia.fr\/blog\/#website"},"datePublished":"2023-12-12T14:50:52+00:00","dateModified":"2025-02-17T13:54:33+00:00","description":"Institut-Iperia.fr se consacre \u00e0 l'innovation p\u00e9dagogique et au d\u00e9veloppement personnel. Nos programmes sur-mesure vous accompagnent vers l'excellence et vous ouvrent les portes d\u2019un avenir prometteur.","inLanguage":"fr-FR","potentialAction":[{"@type":"ReadAction","target":["https:\/\/institut-iperia.fr\/blog\/"]}]},{"@type":"WebSite","@id":"https:\/\/institut-iperia.fr\/blog\/#website","url":"https:\/\/institut-iperia.fr\/blog\/","name":"institut-iperia.fr","description":"Institut Iperia, l&#039;excellence en formation et d\u00e9veloppement","publisher":{"@id":"https:\/\/institut-iperia.fr\/blog\/#organization"},"alternateName":"Institut Iperia, l'excellence en formation et d\u00e9veloppement","potentialAction":[{"@type":"SearchAction","target":{"@type":"EntryPoint","urlTemplate":"https:\/\/institut-iperia.fr\/blog\/?s={search_term_string}"},"query-input":{"@type":"PropertyValueSpecification","valueRequired":true,"valueName":"search_term_string"}}],"inLanguage":"fr-FR"},{"@type":"Organization","@id":"https:\/\/institut-iperia.fr\/blog\/#organization","name":"Foretsensations.fr","url":"https:\/\/institut-iperia.fr\/blog\/","logo":{"@type":"ImageObject","inLanguage":"fr-FR","@id":"https:\/\/institut-iperia.fr\/blog\/#\/schema\/logo\/image\/","url":"https:\/\/institut-iperia.fr\/blog\/wp-content\/uploads\/2024\/12\/Institut-Iperia.png","contentUrl":"https:\/\/institut-iperia.fr\/blog\/wp-content\/uploads\/2024\/12\/Institut-Iperia.png","width":500,"height":500,"caption":"Foretsensations.fr"},"image":{"@id":"https:\/\/institut-iperia.fr\/blog\/#\/schema\/logo\/image\/"}}]}},"_links":{"self":[{"href":"https:\/\/institut-iperia.fr\/blog\/wp-json\/wp\/v2\/pages\/367","targetHints":{"allow":["GET"]}}],"collection":[{"href":"https:\/\/institut-iperia.fr\/blog\/wp-json\/wp\/v2\/pages"}],"about":[{"href":"https:\/\/institut-iperia.fr\/blog\/wp-json\/wp\/v2\/types\/page"}],"author":[{"embeddable":true,"href":"https:\/\/institut-iperia.fr\/blog\/wp-json\/wp\/v2\/users\/34"}],"replies":[{"embeddable":true,"href":"https:\/\/institut-iperia.fr\/blog\/wp-json\/wp\/v2\/comments?post=367"}],"version-history":[{"count":63,"href":"https:\/\/institut-iperia.fr\/blog\/wp-json\/wp\/v2\/pages\/367\/revisions"}],"predecessor-version":[{"id":7405,"href":"https:\/\/institut-iperia.fr\/blog\/wp-json\/wp\/v2\/pages\/367\/revisions\/7405"}],"wp:attachment":[{"href":"https:\/\/institut-iperia.fr\/blog\/wp-json\/wp\/v2\/media?parent=367"}],"curies":[{"name":"wp","href":"https:\/\/api.w.org\/{rel}","templated":true}]}}